{"id":149,"date":"2017-06-20T04:17:34","date_gmt":"2017-06-20T04:17:34","guid":{"rendered":"http:\/\/rauloliveira.com.br\/?page_id=149"},"modified":"2017-06-20T04:17:34","modified_gmt":"2017-06-20T04:17:34","slug":"referencias","status":"publish","type":"page","link":"https:\/\/rauloliveira.com.br\/?page_id=149","title":{"rendered":"Refer\u00eancias"},"content":{"rendered":"<p>Essa p\u00e1gina come\u00e7ou a ficar muito grande e desconfort\u00e1vel de ler, com mais de 60 links quando houve a divis\u00e3o (hoje pode existir mais links) acabou sendo necess\u00e1ria a divis\u00e3o por \u00e1rea em sub-p\u00e1ginas para facilitar a leitura. Espero que ajude \ud83d\ude42<\/p>\n<p>Para facilitar seguem os links:<\/p>\n<ul>\n<li><a href=\"http:\/\/rauloliveira.com.br\/referencias\/referencias-database\/\" rel=\"noopener\">Banco de Dados<\/a><\/li>\n<li><a href=\"http:\/\/rauloliveira.com.br\/referencias\/infraestrutura-seguranca\/\">Infraestrutura \/ Seguran\u00e7a<\/a><\/li>\n<li><a href=\"http:\/\/rauloliveira.com.br\/referencias\/desenvolvimento\/\">Desenvolvimento<\/a><\/li>\n<li><a href=\"http:\/\/rauloliveira.com.br\/referencias\/sistema-operacional\/\">Sistema Operacional<\/a><\/li>\n<\/ul>\n","protected":false},"excerpt":{"rendered":"<p>Essa p\u00e1gina come\u00e7ou a ficar muito grande e desconfort\u00e1vel de ler, com mais de 60 links quando houve a divis\u00e3o (hoje pode existir mais links) acabou sendo necess\u00e1ria a divis\u00e3o por \u00e1rea em sub-p\u00e1ginas para facilitar a leitura. Espero que ajude \ud83d\ude42 Para facilitar seguem os links: Banco de Dados Infraestrutura \/ Seguran\u00e7a Desenvolvimento Sistema &hellip;<\/p>\n<p class=\"read-more\"> <a class=\"\" href=\"https:\/\/rauloliveira.com.br\/?page_id=149\"> <span class=\"screen-reader-text\">Refer\u00eancias<\/span> Leia mais &raquo;<\/a><\/p>\n","protected":false},"author":2,"featured_media":0,"parent":0,"menu_order":0,"comment_status":"closed","ping_status":"open","template":"","meta":{"site-sidebar-layout":"default","site-content-layout":"default","ast-main-header-display":"","ast-hfb-above-header-display":"","ast-hfb-below-header-display":"","ast-hfb-mobile-header-display":"","site-post-title":"","ast-breadcrumbs-content":"","ast-featured-img":"","footer-sml-layout":"","theme-transparent-header-meta":"","adv-header-id-meta":"","stick-header-meta":"","header-above-stick-meta":"","header-main-stick-meta":"","header-below-stick-meta":"","footnotes":""},"class_list":["post-149","page","type-page","status-publish","hentry"],"_links":{"self":[{"href":"https:\/\/rauloliveira.com.br\/index.php?rest_route=\/wp\/v2\/pages\/149"}],"collection":[{"href":"https:\/\/rauloliveira.com.br\/index.php?rest_route=\/wp\/v2\/pages"}],"about":[{"href":"https:\/\/rauloliveira.com.br\/index.php?rest_route=\/wp\/v2\/types\/page"}],"author":[{"embeddable":true,"href":"https:\/\/rauloliveira.com.br\/index.php?rest_route=\/wp\/v2\/users\/2"}],"replies":[{"embeddable":true,"href":"https:\/\/rauloliveira.com.br\/index.php?rest_route=%2Fwp%2Fv2%2Fcomments&post=149"}],"version-history":[{"count":0,"href":"https:\/\/rauloliveira.com.br\/index.php?rest_route=\/wp\/v2\/pages\/149\/revisions"}],"wp:attachment":[{"href":"https:\/\/rauloliveira.com.br\/index.php?rest_route=%2Fwp%2Fv2%2Fmedia&parent=149"}],"curies":[{"name":"wp","href":"https:\/\/api.w.org\/{rel}","templated":true}]}}